{"id":24,"date":"2024-10-28T14:52:01","date_gmt":"2024-10-28T13:52:01","guid":{"rendered":"http:\/\/www.balance-tennis.fr\/?page_id=24"},"modified":"2025-12-07T01:00:45","modified_gmt":"2025-12-07T00:00:45","slug":"espace-joueur","status":"publish","type":"page","link":"https:\/\/www.balance-tennis.fr\/?page_id=24","title":{"rendered":"Espace joueur"},"content":{"rendered":"<p>[et_pb_section fb_built=\u00a0\u00bb1&Prime; _builder_version=\u00a0\u00bb4.24.0&Prime; _module_preset=\u00a0\u00bbdefault\u00a0\u00bb global_colors_info=\u00a0\u00bb{}\u00a0\u00bb][et_pb_row _builder_version=\u00a0\u00bb4.24.0&Prime; _module_preset=\u00a0\u00bbdefault\u00a0\u00bb global_colors_info=\u00a0\u00bb{}\u00a0\u00bb][et_pb_column type=\u00a0\u00bb4_4&Prime; _builder_version=\u00a0\u00bb4.24.0&Prime; _module_preset=\u00a0\u00bbdefault\u00a0\u00bb global_colors_info=\u00a0\u00bb{}\u00a0\u00bb][et_pb_sidebar _builder_version=\u00a0\u00bb4.24.0&Prime; _module_preset=\u00a0\u00bbdefault\u00a0\u00bb global_colors_info=\u00a0\u00bb{}\u00a0\u00bb][\/et_pb_sidebar][\/et_pb_column][\/et_pb_row][et_pb_row _builder_version=\u00a0\u00bb4.24.0&Prime; _module_preset=\u00a0\u00bbdefault\u00a0\u00bb global_colors_info=\u00a0\u00bb{}\u00a0\u00bb][et_pb_column type=\u00a0\u00bb4_4&Prime; _builder_version=\u00a0\u00bb4.24.0&Prime; _module_preset=\u00a0\u00bbdefault\u00a0\u00bb global_colors_info=\u00a0\u00bb{}\u00a0\u00bb][et_pb_blog include_categories=\u00a0\u00bb18&Prime; use_manual_excerpt=\u00a0\u00bboff\u00a0\u00bb show_more=\u00a0\u00bbon\u00a0\u00bb show_author=\u00a0\u00bboff\u00a0\u00bb show_date=\u00a0\u00bboff\u00a0\u00bb show_categories=\u00a0\u00bboff\u00a0\u00bb _builder_version=\u00a0\u00bb4.24.0&Prime; _module_preset=\u00a0\u00bbdefault\u00a0\u00bb header_level=\u00a0\u00bbh3&Prime; header_text_align=\u00a0\u00bbcenter\u00a0\u00bb body_text_align=\u00a0\u00bbcenter\u00a0\u00bb hover_enabled=\u00a0\u00bb0&Prime; global_colors_info=\u00a0\u00bb{}\u00a0\u00bb fullwidth=\u00a0\u00bboff\u00a0\u00bb sticky_enabled=\u00a0\u00bb0&Prime;][\/et_pb_blog][\/et_pb_column][\/et_pb_row][\/et_pb_section]<\/p>\n","protected":false},"excerpt":{"rendered":"","protected":false},"author":1,"featured_media":0,"parent":0,"menu_order":0,"comment_status":"closed","ping_status":"closed","template":"","meta":{"_et_pb_use_builder":"on","_et_pb_old_content":"","_et_gb_content_width":"","_mo_disable_npp":"","footnotes":""},"class_list":["post-24","page","type-page","status-publish","hentry"],"jetpack_sharing_enabled":true,"jetpack-related-posts":[{"id":2065,"url":"https:\/\/www.balance-tennis.fr\/","url_meta":{"origin":24,"position":0},"title":"Balance Tennis | Arr\u00eate de\u2026","author":"admin2921","date":"14 d\u00e9cembre 2025","format":false,"excerpt":"Balance Tennis | Arr\u00eate de craquer sous pression en match Balance Tennis Accueil Programme Stages \u00c0 propos Contact Coaching mental \u00b7 Tennis \u00b7 Yoga Tu m\u00e8nes 5\/2\u2026et tu perds quand m\u00eame\u00a0? Tu joues bien \u00e0 l'entra\u00eenement. Mais quand le score devient serr\u00e9, quelque chose se bloque \u2014 et le match\u2026","rel":"","context":"Article similaire","block_context":{"text":"Article similaire","link":""},"img":{"alt_text":"","src":"","width":0,"height":0},"classes":[]},{"id":2709,"url":"https:\/\/www.balance-tennis.fr\/?page_id=2709","url_meta":{"origin":24,"position":1},"title":"Programme","author":"admin2921","date":"29 avril 2026","format":false,"excerpt":"Le Programme \u00b7 Balance Tennis Balance Tennis Accueil Programme Stages \u00c0 propos Contact Programme en ligne \u00b7 Acc\u00e8s imm\u00e9diat Jouer pour gagner,pas pour survivre 5 modules pour comprendre ce qui se passe dans ton corps sous pression \u2014 et retrouver ton tennis, m\u00eame quand le score devient serr\u00e9. \ud83d\udcda 5\u2026","rel":"","context":"Article similaire","block_context":{"text":"Article similaire","link":""},"img":{"alt_text":"","src":"","width":0,"height":0},"classes":[]},{"id":98,"url":"https:\/\/www.balance-tennis.fr\/?page_id=98","url_meta":{"origin":24,"position":2},"title":"Techniques de S\u00e9r\u00e9nit\u00e9","author":"admin2921","date":"16 d\u00e9cembre 2024","format":false,"excerpt":"Accompagner son enfant au tennis avec s\u00e9r\u00e9nit\u00e9 Accompagner son enfant au tennis avec s\u00e9r\u00e9nit\u00e9 (sans le d\u00e9go\u00fbter du sport) En tant que moniteur de tennis et pratiquant de yoga, j\u2019ai souvent crois\u00e9 des enfants prometteurs\u2026 et des parents un peu perdus. Pas m\u00e9chants, juste trop investis parfois, ou au contraire\u2026","rel":"","context":"Article similaire","block_context":{"text":"Article similaire","link":""},"img":{"alt_text":"","src":"","width":0,"height":0},"classes":[]}],"_links":{"self":[{"href":"https:\/\/www.balance-tennis.fr\/index.php?rest_route=\/wp\/v2\/pages\/24","targetHints":{"allow":["GET"]}}],"collection":[{"href":"https:\/\/www.balance-tennis.fr\/index.php?rest_route=\/wp\/v2\/pages"}],"about":[{"href":"https:\/\/www.balance-tennis.fr\/index.php?rest_route=\/wp\/v2\/types\/page"}],"author":[{"embeddable":true,"href":"https:\/\/www.balance-tennis.fr\/index.php?rest_route=\/wp\/v2\/users\/1"}],"replies":[{"embeddable":true,"href":"https:\/\/www.balance-tennis.fr\/index.php?rest_route=%2Fwp%2Fv2%2Fcomments&post=24"}],"version-history":[{"count":7,"href":"https:\/\/www.balance-tennis.fr\/index.php?rest_route=\/wp\/v2\/pages\/24\/revisions"}],"predecessor-version":[{"id":1017,"href":"https:\/\/www.balance-tennis.fr\/index.php?rest_route=\/wp\/v2\/pages\/24\/revisions\/1017"}],"wp:attachment":[{"href":"https:\/\/www.balance-tennis.fr\/index.php?rest_route=%2Fwp%2Fv2%2Fmedia&parent=24"}],"curies":[{"name":"wp","href":"https:\/\/api.w.org\/{rel}","templated":true}]}}